{"id":712,"date":"2018-01-19T12:41:45","date_gmt":"2018-01-19T11:41:45","guid":{"rendered":"http:\/\/radenovic.rs\/vaz\/?post_type=product&#038;p=712"},"modified":"2018-03-09T21:19:56","modified_gmt":"2018-03-09T20:19:56","slug":"podzemni-hidrant-dn-80-2","status":"publish","type":"product","link":"https:\/\/radenovic.rs\/vaz\/sr\/proizvod\/podzemni-hidrant-dn-80-2\/","title":{"rendered":"Podzemni hidrant"},"content":{"rendered":"<table width=\"349\">\n<tbody>\n<tr>\n<td width=\"139\">Tehni\u010dke karakteristike:<\/td>\n<td width=\"95\"><em>Podzemni H<\/em><\/td>\n<td rowspan=\"7\" width=\"114\"><em>Materijali:<\/em><\/p>\n<p>-sivi liv<br \/>\n-mesing<br \/>\n-ner\u0111aju\u0107i \u010delik<\/p>\n<p><em>-zaptivni prsten <\/em><\/p>\n<p><em>-nitril kau\u010duk\u00a0<\/em><\/td>\n<\/tr>\n<tr>\n<td>Nazivni pre\u010dnik (mm)<\/td>\n<td>80<\/td>\n<\/tr>\n<tr>\n<td>Nazivni pritisak (bar)<\/td>\n<td>10<\/td>\n<\/tr>\n<tr>\n<td>Ispitni pritisak (bar)<\/td>\n<td>16<\/td>\n<\/tr>\n<tr>\n<td>Dubina ugradnje (m)<\/td>\n<td>1<\/td>\n<\/tr>\n<tr>\n<td>Te\u017eina (kg)<\/td>\n<td>28<\/td>\n<\/tr>\n<tr>\n<td><strong>Cena +pdv<\/strong><\/td>\n<td><strong>15.550,00<\/strong><\/td>\n<\/tr>\n<\/tbody>\n<\/table>\n","protected":false},"excerpt":{"rendered":"<p style=\"text-align: justify;\">Podzemni hidrant se ugradjuje\u00a0na vodovodnu mre\u017eu izvedenu od livenih, \u010deli\u010dnih ili plasti\u010dnih cevi. Upotrebljava se za ga\u0161enje po\u017eara, pranje ulica, polivanje zelenih povr\u0161ina i sli\u010dno. Prednost mu je \u0161to se mo\u017ee ugraditi i na\u00a0prometna mesta. Na donjem delu hidranta ugradjen je ventil za ispust vode koji spre\u010dava zamrzavanje. Hidrant se otvara T klju\u010dem &#8211; okretanjem vretena u levo.<\/p>\n<table width=\"678\">\n<tbody>\n<tr>\n<td width=\"60\">DN<\/td>\n<td width=\"138\">H (mm)<\/td>\n<td width=\"90\">\u00d8 dna (mm)<\/td>\n<td width=\"216\">\u00d8 d Hidrantski nastavak \/ \u00d8 d1 (mm)<\/td>\n<td width=\"78\">A (mm)<\/td>\n<td width=\"96\">B \/ 200 (mm)<\/td>\n<\/tr>\n<tr>\n<td width=\"60\">80<\/td>\n<td width=\"138\">500; 750; 900; 1000<\/td>\n<td width=\"90\">110<\/td>\n<td width=\"216\">72 \/ 60<\/td>\n<td width=\"78\">295<\/td>\n<td width=\"96\">230<\/td>\n<\/tr>\n<\/tbody>\n<\/table>\n<p><img loading=\"lazy\" decoding=\"async\" class=\"alignnone wp-image-714\" src=\"http:\/\/radenovic.rs\/vaz\/wp-content\/uploads\/2018\/01\/podzemni-hidrant-dn-80-1-300x244.jpg\" alt=\"\" width=\"304\" height=\"247\" \/><img loading=\"lazy\" decoding=\"async\" class=\"alignnone wp-image-2091\" src=\"http:\/\/radenovic.rs\/vaz\/wp-content\/uploads\/2018\/01\/scascac-250x87.jpg\" alt=\"\" width=\"333\" height=\"116\" srcset=\"https:\/\/radenovic.rs\/vaz\/wp-content\/uploads\/2018\/01\/scascac-250x87.jpg 250w, https:\/\/radenovic.rs\/vaz\/wp-content\/uploads\/2018\/01\/scascac-24x8.jpg 24w, https:\/\/radenovic.rs\/vaz\/wp-content\/uploads\/2018\/01\/scascac-36x13.jpg 36w, https:\/\/radenovic.rs\/vaz\/wp-content\/uploads\/2018\/01\/scascac-48x17.jpg 48w, https:\/\/radenovic.rs\/vaz\/wp-content\/uploads\/2018\/01\/scascac-600x209.jpg 600w, https:\/\/radenovic.rs\/vaz\/wp-content\/uploads\/2018\/01\/scascac.jpg 641w\" sizes=\"auto, (max-width: 333px) 100vw, 333px\" \/><\/p>\n<p><a class=\"fancybox button\" style=\"margin-top: 20px;\" href=\"#contact_form_pop\">Po\u0161aljite upit<\/a><\/p>\n<div class=\"fancybox-hidden\" style=\"display: none;\">\n<div id=\"contact_form_pop\">[contact-form-7 id=\"552\" title=\"Zatra\u017eite ponudu\"]<\/div>\n<\/div>\n","protected":false},"featured_media":1955,"template":"","meta":[],"product_cat":[19],"product_tag":[],"class_list":["post-712","product","type-product","status-publish","has-post-thumbnail","hentry","product_cat-hidranti-i-hidrantska-oprema"],"yoast_head":"<!-- This site is optimized with the Yoast SEO plugin v20.1 - https:\/\/yoast.com\/wordpress\/plugins\/seo\/ -->\n<title>Podzemni hidrant - VAZ<\/title>\n<meta name=\"robots\" content=\"index, follow, max-snippet:-1, max-image-preview:large, max-video-preview:-1\" \/>\n<link rel=\"canonical\" href=\"https:\/\/radenovic.rs\/vaz\/sr\/proizvod\/podzemni-hidrant-dn-80-2\/\" \/>\n<meta property=\"og:locale\" content=\"sr_RS\" \/>\n<meta property=\"og:type\" content=\"article\" \/>\n<meta property=\"og:title\" content=\"Podzemni hidrant\" \/>\n<meta property=\"og:description\" content=\"Podzemni hidrant se ugradjuje\u00a0na vodovodnu mre\u017eu izvedenu od livenih, \u010deli\u010dnih ili plasti\u010dnih cevi. Upotrebljava se za ga\u0161enje po\u017eara, pranje ulica, polivanje zelenih povr\u0161ina i sli\u010dno. Prednost mu je \u0161to se mo\u017ee ugraditi i na\u00a0prometna mesta. Na donjem delu hidranta ugradjen je ventil za ispust vode koji spre\u010dava zamrzavanje. Hidrant se otvara T klju\u010dem - okretanjem vretena u levo.     DN H (mm) \u00d8 dna (mm) \u00d8 d Hidrantski nastavak \/ \u00d8 d1 (mm) A (mm) B \/ 200 (mm)   80 500; 750; 900; 1000 110 72 \/ 60 295 230      Po\u0161aljite upit\" \/>\n<meta property=\"og:url\" content=\"https:\/\/radenovic.rs\/vaz\/sr\/proizvod\/podzemni-hidrant-dn-80-2\/\" \/>\n<meta property=\"og:site_name\" content=\"VAZ\" \/>\n<meta property=\"article:modified_time\" content=\"2018-03-09T20:19:56+00:00\" \/>\n<meta property=\"og:image\" content=\"https:\/\/radenovic.rs\/vaz\/wp-content\/uploads\/2018\/01\/podzemni-hidrant-3.jpg\" \/>\n\t<meta property=\"og:image:width\" content=\"500\" \/>\n\t<meta property=\"og:image:height\" content=\"375\" \/>\n\t<meta property=\"og:image:type\" content=\"image\/jpeg\" \/>\n<meta name=\"twitter:card\" content=\"summary_large_image\" \/>\n<script type=\"application\/ld+json\" class=\"yoast-schema-graph\">{\"@context\":\"https:\/\/schema.org\",\"@graph\":[{\"@type\":\"WebPage\",\"@id\":\"https:\/\/radenovic.rs\/vaz\/sr\/proizvod\/podzemni-hidrant-dn-80-2\/\",\"url\":\"https:\/\/radenovic.rs\/vaz\/sr\/proizvod\/podzemni-hidrant-dn-80-2\/\",\"name\":\"[:sr]Podzemni hidrant[:] - VAZ\",\"isPartOf\":{\"@id\":\"https:\/\/radenovic.rs\/vaz\/sr\/#website\"},\"datePublished\":\"2018-01-19T11:41:45+00:00\",\"dateModified\":\"2018-03-09T20:19:56+00:00\",\"breadcrumb\":{\"@id\":\"https:\/\/radenovic.rs\/vaz\/sr\/proizvod\/podzemni-hidrant-dn-80-2\/#breadcrumb\"},\"inLanguage\":\"sr-RS\",\"potentialAction\":[{\"@type\":\"ReadAction\",\"target\":[\"https:\/\/radenovic.rs\/vaz\/sr\/proizvod\/podzemni-hidrant-dn-80-2\/\"]}]},{\"@type\":\"BreadcrumbList\",\"@id\":\"https:\/\/radenovic.rs\/vaz\/sr\/proizvod\/podzemni-hidrant-dn-80-2\/#breadcrumb\",\"itemListElement\":[{\"@type\":\"ListItem\",\"position\":1,\"name\":\"Po\u010detna\",\"item\":\"https:\/\/radenovic.rs\/vaz\/\"},{\"@type\":\"ListItem\",\"position\":2,\"name\":\"Vatrogasna oprema\",\"item\":\"https:\/\/radenovic.rs\/vaz\/sr\/vatrogasna-oprema\/\"},{\"@type\":\"ListItem\",\"position\":3,\"name\":\"Podzemni hidrant\"}]},{\"@type\":\"WebSite\",\"@id\":\"https:\/\/radenovic.rs\/vaz\/sr\/#website\",\"url\":\"https:\/\/radenovic.rs\/vaz\/sr\/\",\"name\":\"VAZ\",\"description\":\"Just another WordPress site\",\"publisher\":{\"@id\":\"https:\/\/radenovic.rs\/vaz\/sr\/#organization\"},\"potentialAction\":[{\"@type\":\"SearchAction\",\"target\":{\"@type\":\"EntryPoint\",\"urlTemplate\":\"https:\/\/radenovic.rs\/vaz\/sr\/?s={search_term_string}\"},\"query-input\":\"required name=search_term_string\"}],\"inLanguage\":\"sr-RS\"},{\"@type\":\"Organization\",\"@id\":\"https:\/\/radenovic.rs\/vaz\/sr\/#organization\",\"name\":\"VAZ\",\"url\":\"https:\/\/radenovic.rs\/vaz\/sr\/\",\"logo\":{\"@type\":\"ImageObject\",\"inLanguage\":\"sr-RS\",\"@id\":\"https:\/\/radenovic.rs\/vaz\/sr\/#\/schema\/logo\/image\/\",\"url\":\"https:\/\/radenovic.rs\/vaz\/wp-content\/uploads\/2018\/04\/cropped-logo-mali-3-1.png\",\"contentUrl\":\"https:\/\/radenovic.rs\/vaz\/wp-content\/uploads\/2018\/04\/cropped-logo-mali-3-1.png\",\"width\":211,\"height\":94,\"caption\":\"VAZ\"},\"image\":{\"@id\":\"https:\/\/radenovic.rs\/vaz\/sr\/#\/schema\/logo\/image\/\"}}]}<\/script>\n<!-- \/ Yoast SEO plugin. -->","yoast_head_json":{"title":"Podzemni hidrant - VAZ","robots":{"index":"index","follow":"follow","max-snippet":"max-snippet:-1","max-image-preview":"max-image-preview:large","max-video-preview":"max-video-preview:-1"},"canonical":"https:\/\/radenovic.rs\/vaz\/sr\/proizvod\/podzemni-hidrant-dn-80-2\/","og_locale":"sr_RS","og_type":"article","og_title":"[:sr]Podzemni hidrant[:] - VAZ","og_description":"[:sr]Podzemni hidrant se ugradjuje\u00a0na vodovodnu mre\u017eu izvedenu od livenih, \u010deli\u010dnih ili plasti\u010dnih cevi. Upotrebljava se za ga\u0161enje po\u017eara, pranje ulica, polivanje zelenih povr\u0161ina i sli\u010dno. Prednost mu je \u0161to se mo\u017ee ugraditi i na\u00a0prometna mesta. Na donjem delu hidranta ugradjen je ventil za ispust vode koji spre\u010dava zamrzavanje. Hidrant se otvara T klju\u010dem - okretanjem vretena u levo.     DN H (mm) \u00d8 dna (mm) \u00d8 d Hidrantski nastavak \/ \u00d8 d1 (mm) A (mm) B \/ 200 (mm)   80 500; 750; 900; 1000 110 72 \/ 60 295 230      Po\u0161aljite upit   [:]","og_url":"https:\/\/radenovic.rs\/vaz\/sr\/proizvod\/podzemni-hidrant-dn-80-2\/","og_site_name":"VAZ","article_modified_time":"2018-03-09T20:19:56+00:00","og_image":[{"width":500,"height":375,"url":"https:\/\/radenovic.rs\/vaz\/wp-content\/uploads\/2018\/01\/podzemni-hidrant-3.jpg","type":"image\/jpeg"}],"twitter_card":"summary_large_image","schema":{"@context":"https:\/\/schema.org","@graph":[{"@type":"WebPage","@id":"https:\/\/radenovic.rs\/vaz\/sr\/proizvod\/podzemni-hidrant-dn-80-2\/","url":"https:\/\/radenovic.rs\/vaz\/sr\/proizvod\/podzemni-hidrant-dn-80-2\/","name":"[:sr]Podzemni hidrant[:] - VAZ","isPartOf":{"@id":"https:\/\/radenovic.rs\/vaz\/sr\/#website"},"datePublished":"2018-01-19T11:41:45+00:00","dateModified":"2018-03-09T20:19:56+00:00","breadcrumb":{"@id":"https:\/\/radenovic.rs\/vaz\/sr\/proizvod\/podzemni-hidrant-dn-80-2\/#breadcrumb"},"inLanguage":"sr-RS","potentialAction":[{"@type":"ReadAction","target":["https:\/\/radenovic.rs\/vaz\/sr\/proizvod\/podzemni-hidrant-dn-80-2\/"]}]},{"@type":"BreadcrumbList","@id":"https:\/\/radenovic.rs\/vaz\/sr\/proizvod\/podzemni-hidrant-dn-80-2\/#breadcrumb","itemListElement":[{"@type":"ListItem","position":1,"name":"Po\u010detna","item":"https:\/\/radenovic.rs\/vaz\/"},{"@type":"ListItem","position":2,"name":"Vatrogasna oprema","item":"https:\/\/radenovic.rs\/vaz\/sr\/vatrogasna-oprema\/"},{"@type":"ListItem","position":3,"name":"Podzemni hidrant"}]},{"@type":"WebSite","@id":"https:\/\/radenovic.rs\/vaz\/sr\/#website","url":"https:\/\/radenovic.rs\/vaz\/sr\/","name":"VAZ","description":"Just another WordPress site","publisher":{"@id":"https:\/\/radenovic.rs\/vaz\/sr\/#organization"},"potentialAction":[{"@type":"SearchAction","target":{"@type":"EntryPoint","urlTemplate":"https:\/\/radenovic.rs\/vaz\/sr\/?s={search_term_string}"},"query-input":"required name=search_term_string"}],"inLanguage":"sr-RS"},{"@type":"Organization","@id":"https:\/\/radenovic.rs\/vaz\/sr\/#organization","name":"VAZ","url":"https:\/\/radenovic.rs\/vaz\/sr\/","logo":{"@type":"ImageObject","inLanguage":"sr-RS","@id":"https:\/\/radenovic.rs\/vaz\/sr\/#\/schema\/logo\/image\/","url":"https:\/\/radenovic.rs\/vaz\/wp-content\/uploads\/2018\/04\/cropped-logo-mali-3-1.png","contentUrl":"https:\/\/radenovic.rs\/vaz\/wp-content\/uploads\/2018\/04\/cropped-logo-mali-3-1.png","width":211,"height":94,"caption":"VAZ"},"image":{"@id":"https:\/\/radenovic.rs\/vaz\/sr\/#\/schema\/logo\/image\/"}}]}},"_links":{"self":[{"href":"https:\/\/radenovic.rs\/vaz\/sr\/wp-json\/wp\/v2\/product\/712","targetHints":{"allow":["GET"]}}],"collection":[{"href":"https:\/\/radenovic.rs\/vaz\/sr\/wp-json\/wp\/v2\/product"}],"about":[{"href":"https:\/\/radenovic.rs\/vaz\/sr\/wp-json\/wp\/v2\/types\/product"}],"wp:featuredmedia":[{"embeddable":true,"href":"https:\/\/radenovic.rs\/vaz\/sr\/wp-json\/wp\/v2\/media\/1955"}],"wp:attachment":[{"href":"https:\/\/radenovic.rs\/vaz\/sr\/wp-json\/wp\/v2\/media?parent=712"}],"wp:term":[{"taxonomy":"product_cat","embeddable":true,"href":"https:\/\/radenovic.rs\/vaz\/sr\/wp-json\/wp\/v2\/product_cat?post=712"},{"taxonomy":"product_tag","embeddable":true,"href":"https:\/\/radenovic.rs\/vaz\/sr\/wp-json\/wp\/v2\/product_tag?post=712"}],"curies":[{"name":"wp","href":"https:\/\/api.w.org\/{rel}","templated":true}]}}