{"id":730,"date":"2018-01-19T13:41:46","date_gmt":"2018-01-19T12:41:46","guid":{"rendered":"http:\/\/radenovic.rs\/vaz\/?post_type=product&#038;p=730"},"modified":"2018-11-28T11:37:41","modified_gmt":"2018-11-28T10:37:41","slug":"sanduk-za-pesak","status":"publish","type":"product","link":"https:\/\/radenovic.rs\/vaz\/sr\/proizvod\/sanduk-za-pesak\/","title":{"rendered":"Sanduk za pesak"},"content":{"rendered":"<table style=\"height: 111px;\" border=\"0\" width=\"776\" cellspacing=\"0\" cellpadding=\"1\" align=\"center\">\n<tbody>\n<tr>\n<td align=\"center\" valign=\"middle\" width=\"136\" height=\"29\"><em>Model<\/em><\/td>\n<td align=\"center\" valign=\"middle\" width=\"116\"><em>Materijal<\/em><\/td>\n<td align=\"center\" valign=\"middle\" width=\"90\"><em>Zapremina<\/em><\/td>\n<td align=\"center\" valign=\"middle\" width=\"129\"><em>Dimenzije<\/em>\u00a0<em>Dx\u0160xV<\/em><\/td>\n<td align=\"center\" valign=\"middle\" width=\"86\"><strong>\u0160ifra<\/strong><\/td>\n<\/tr>\n<tr>\n<td align=\"center\" valign=\"middle\" width=\"136\">Sanduk za pesak 1<\/td>\n<td align=\"center\" valign=\"middle\" width=\"116\">Lim HVL 0146<\/td>\n<td align=\"center\" valign=\"middle\" width=\"90\">0,25m3<\/td>\n<td align=\"center\" valign=\"middle\" width=\"129\">700x550x620<\/td>\n<td align=\"center\" valign=\"middle\" width=\"86\"><strong>500041<\/strong><\/td>\n<\/tr>\n<tr>\n<td align=\"center\" valign=\"middle\" width=\"136\">Sanduk za pesak 2<\/td>\n<td align=\"center\" valign=\"middle\" width=\"116\">Lim HVL 0146<\/td>\n<td align=\"center\" valign=\"middle\" width=\"90\">0,33m3<\/td>\n<td align=\"center\" valign=\"middle\" width=\"129\">800x700x620<\/td>\n<td align=\"center\" valign=\"middle\" width=\"86\"><strong>500042<\/strong><\/td>\n<\/tr>\n<tr>\n<td align=\"center\" valign=\"middle\" width=\"136\">Sanduk za pesak 3<\/td>\n<td align=\"center\" valign=\"middle\" width=\"116\">Lim HVL 0146<\/td>\n<td align=\"center\" valign=\"middle\" width=\"90\">0,43m3<\/td>\n<td align=\"center\" valign=\"middle\" width=\"129\">970x750x620<\/td>\n<td align=\"center\" valign=\"middle\" width=\"86\"><strong>500040<\/strong><\/td>\n<\/tr>\n<\/tbody>\n<\/table>\n<p><img loading=\"lazy\" decoding=\"async\" class=\"wp-image-2955 aligncenter\" src=\"http:\/\/radenovic.rs\/vaz\/wp-content\/uploads\/2018\/01\/sanduk-za-pesak-250x79.png\" alt=\"\" width=\"364\" height=\"115\" \/><\/p>\n","protected":false},"excerpt":{"rendered":"<p>Protivpo\u017earni sanduk u slu\u010daju hemijskog udesa slu\u017ei za sakupljanje toksi\u010dnih te\u010dnih materija. Posipanjem peska, zemlje i drugog odgovaraju\u0107eg absorbenta onemogu\u0107uje se razlivanje i spe\u010dava kontaminacija lokalnog zemlji\u0161ta i vode.<\/p>\n","protected":false},"featured_media":2955,"template":"","meta":[],"product_cat":[24],"product_tag":[],"class_list":["post-730","product","type-product","status-publish","has-post-thumbnail","hentry","product_cat-sanduk-za-pesak-i-alat"],"yoast_head":"<!-- This site is optimized with the Yoast SEO plugin v20.1 - https:\/\/yoast.com\/wordpress\/plugins\/seo\/ -->\n<title>Sanduk za pesak - VAZ<\/title>\n<meta name=\"robots\" content=\"index, follow, max-snippet:-1, max-image-preview:large, max-video-preview:-1\" \/>\n<link rel=\"canonical\" href=\"https:\/\/radenovic.rs\/vaz\/sr\/proizvod\/sanduk-za-pesak\/\" \/>\n<meta property=\"og:locale\" content=\"sr_RS\" \/>\n<meta property=\"og:type\" content=\"article\" \/>\n<meta property=\"og:title\" content=\"Sanduk za pesak\" \/>\n<meta property=\"og:description\" content=\"Protivpo\u017earni sanduk u slu\u010daju hemijskog udesa slu\u017ei za sakupljanje toksi\u010dnih te\u010dnih materija. Posipanjem peska, zemlje i drugog odgovaraju\u0107eg absorbenta onemogu\u0107uje se razlivanje i spe\u010dava kontaminacija lokalnog zemlji\u0161ta i vode.\" \/>\n<meta property=\"og:url\" content=\"https:\/\/radenovic.rs\/vaz\/sr\/proizvod\/sanduk-za-pesak\/\" \/>\n<meta property=\"og:site_name\" content=\"VAZ\" \/>\n<meta property=\"article:modified_time\" content=\"2018-11-28T10:37:41+00:00\" \/>\n<meta property=\"og:image\" content=\"https:\/\/radenovic.rs\/vaz\/wp-content\/uploads\/2018\/01\/sanduk-za-pesak-e1543401262330.png\" \/>\n\t<meta property=\"og:image:width\" content=\"213\" \/>\n\t<meta property=\"og:image:height\" content=\"181\" \/>\n\t<meta property=\"og:image:type\" content=\"image\/png\" \/>\n<meta name=\"twitter:card\" content=\"summary_large_image\" \/>\n<script type=\"application\/ld+json\" class=\"yoast-schema-graph\">{\"@context\":\"https:\/\/schema.org\",\"@graph\":[{\"@type\":\"WebPage\",\"@id\":\"https:\/\/radenovic.rs\/vaz\/sr\/proizvod\/sanduk-za-pesak\/\",\"url\":\"https:\/\/radenovic.rs\/vaz\/sr\/proizvod\/sanduk-za-pesak\/\",\"name\":\"[:sr]Sanduk za pesak[:] - VAZ\",\"isPartOf\":{\"@id\":\"https:\/\/radenovic.rs\/vaz\/sr\/#website\"},\"datePublished\":\"2018-01-19T12:41:46+00:00\",\"dateModified\":\"2018-11-28T10:37:41+00:00\",\"breadcrumb\":{\"@id\":\"https:\/\/radenovic.rs\/vaz\/sr\/proizvod\/sanduk-za-pesak\/#breadcrumb\"},\"inLanguage\":\"sr-RS\",\"potentialAction\":[{\"@type\":\"ReadAction\",\"target\":[\"https:\/\/radenovic.rs\/vaz\/sr\/proizvod\/sanduk-za-pesak\/\"]}]},{\"@type\":\"BreadcrumbList\",\"@id\":\"https:\/\/radenovic.rs\/vaz\/sr\/proizvod\/sanduk-za-pesak\/#breadcrumb\",\"itemListElement\":[{\"@type\":\"ListItem\",\"position\":1,\"name\":\"Po\u010detna\",\"item\":\"https:\/\/radenovic.rs\/vaz\/\"},{\"@type\":\"ListItem\",\"position\":2,\"name\":\"Vatrogasna oprema\",\"item\":\"https:\/\/radenovic.rs\/vaz\/sr\/vatrogasna-oprema\/\"},{\"@type\":\"ListItem\",\"position\":3,\"name\":\"Sanduk za pesak\"}]},{\"@type\":\"WebSite\",\"@id\":\"https:\/\/radenovic.rs\/vaz\/sr\/#website\",\"url\":\"https:\/\/radenovic.rs\/vaz\/sr\/\",\"name\":\"VAZ\",\"description\":\"Just another WordPress site\",\"publisher\":{\"@id\":\"https:\/\/radenovic.rs\/vaz\/sr\/#organization\"},\"potentialAction\":[{\"@type\":\"SearchAction\",\"target\":{\"@type\":\"EntryPoint\",\"urlTemplate\":\"https:\/\/radenovic.rs\/vaz\/sr\/?s={search_term_string}\"},\"query-input\":\"required name=search_term_string\"}],\"inLanguage\":\"sr-RS\"},{\"@type\":\"Organization\",\"@id\":\"https:\/\/radenovic.rs\/vaz\/sr\/#organization\",\"name\":\"VAZ\",\"url\":\"https:\/\/radenovic.rs\/vaz\/sr\/\",\"logo\":{\"@type\":\"ImageObject\",\"inLanguage\":\"sr-RS\",\"@id\":\"https:\/\/radenovic.rs\/vaz\/sr\/#\/schema\/logo\/image\/\",\"url\":\"https:\/\/radenovic.rs\/vaz\/wp-content\/uploads\/2018\/04\/cropped-logo-mali-3-1.png\",\"contentUrl\":\"https:\/\/radenovic.rs\/vaz\/wp-content\/uploads\/2018\/04\/cropped-logo-mali-3-1.png\",\"width\":211,\"height\":94,\"caption\":\"VAZ\"},\"image\":{\"@id\":\"https:\/\/radenovic.rs\/vaz\/sr\/#\/schema\/logo\/image\/\"}}]}<\/script>\n<!-- \/ Yoast SEO plugin. -->","yoast_head_json":{"title":"Sanduk za pesak - VAZ","robots":{"index":"index","follow":"follow","max-snippet":"max-snippet:-1","max-image-preview":"max-image-preview:large","max-video-preview":"max-video-preview:-1"},"canonical":"https:\/\/radenovic.rs\/vaz\/sr\/proizvod\/sanduk-za-pesak\/","og_locale":"sr_RS","og_type":"article","og_title":"[:sr]Sanduk za pesak[:] - VAZ","og_description":"[:sr]Protivpo\u017earni sanduk u slu\u010daju hemijskog udesa slu\u017ei za sakupljanje toksi\u010dnih te\u010dnih materija. Posipanjem peska, zemlje i drugog odgovaraju\u0107eg absorbenta onemogu\u0107uje se razlivanje i spe\u010dava kontaminacija lokalnog zemlji\u0161ta i vode.[:]","og_url":"https:\/\/radenovic.rs\/vaz\/sr\/proizvod\/sanduk-za-pesak\/","og_site_name":"VAZ","article_modified_time":"2018-11-28T10:37:41+00:00","og_image":[{"width":213,"height":181,"url":"https:\/\/radenovic.rs\/vaz\/wp-content\/uploads\/2018\/01\/sanduk-za-pesak-e1543401262330.png","type":"image\/png"}],"twitter_card":"summary_large_image","schema":{"@context":"https:\/\/schema.org","@graph":[{"@type":"WebPage","@id":"https:\/\/radenovic.rs\/vaz\/sr\/proizvod\/sanduk-za-pesak\/","url":"https:\/\/radenovic.rs\/vaz\/sr\/proizvod\/sanduk-za-pesak\/","name":"[:sr]Sanduk za pesak[:] - VAZ","isPartOf":{"@id":"https:\/\/radenovic.rs\/vaz\/sr\/#website"},"datePublished":"2018-01-19T12:41:46+00:00","dateModified":"2018-11-28T10:37:41+00:00","breadcrumb":{"@id":"https:\/\/radenovic.rs\/vaz\/sr\/proizvod\/sanduk-za-pesak\/#breadcrumb"},"inLanguage":"sr-RS","potentialAction":[{"@type":"ReadAction","target":["https:\/\/radenovic.rs\/vaz\/sr\/proizvod\/sanduk-za-pesak\/"]}]},{"@type":"BreadcrumbList","@id":"https:\/\/radenovic.rs\/vaz\/sr\/proizvod\/sanduk-za-pesak\/#breadcrumb","itemListElement":[{"@type":"ListItem","position":1,"name":"Po\u010detna","item":"https:\/\/radenovic.rs\/vaz\/"},{"@type":"ListItem","position":2,"name":"Vatrogasna oprema","item":"https:\/\/radenovic.rs\/vaz\/sr\/vatrogasna-oprema\/"},{"@type":"ListItem","position":3,"name":"Sanduk za pesak"}]},{"@type":"WebSite","@id":"https:\/\/radenovic.rs\/vaz\/sr\/#website","url":"https:\/\/radenovic.rs\/vaz\/sr\/","name":"VAZ","description":"Just another WordPress site","publisher":{"@id":"https:\/\/radenovic.rs\/vaz\/sr\/#organization"},"potentialAction":[{"@type":"SearchAction","target":{"@type":"EntryPoint","urlTemplate":"https:\/\/radenovic.rs\/vaz\/sr\/?s={search_term_string}"},"query-input":"required name=search_term_string"}],"inLanguage":"sr-RS"},{"@type":"Organization","@id":"https:\/\/radenovic.rs\/vaz\/sr\/#organization","name":"VAZ","url":"https:\/\/radenovic.rs\/vaz\/sr\/","logo":{"@type":"ImageObject","inLanguage":"sr-RS","@id":"https:\/\/radenovic.rs\/vaz\/sr\/#\/schema\/logo\/image\/","url":"https:\/\/radenovic.rs\/vaz\/wp-content\/uploads\/2018\/04\/cropped-logo-mali-3-1.png","contentUrl":"https:\/\/radenovic.rs\/vaz\/wp-content\/uploads\/2018\/04\/cropped-logo-mali-3-1.png","width":211,"height":94,"caption":"VAZ"},"image":{"@id":"https:\/\/radenovic.rs\/vaz\/sr\/#\/schema\/logo\/image\/"}}]}},"_links":{"self":[{"href":"https:\/\/radenovic.rs\/vaz\/sr\/wp-json\/wp\/v2\/product\/730","targetHints":{"allow":["GET"]}}],"collection":[{"href":"https:\/\/radenovic.rs\/vaz\/sr\/wp-json\/wp\/v2\/product"}],"about":[{"href":"https:\/\/radenovic.rs\/vaz\/sr\/wp-json\/wp\/v2\/types\/product"}],"wp:featuredmedia":[{"embeddable":true,"href":"https:\/\/radenovic.rs\/vaz\/sr\/wp-json\/wp\/v2\/media\/2955"}],"wp:attachment":[{"href":"https:\/\/radenovic.rs\/vaz\/sr\/wp-json\/wp\/v2\/media?parent=730"}],"wp:term":[{"taxonomy":"product_cat","embeddable":true,"href":"https:\/\/radenovic.rs\/vaz\/sr\/wp-json\/wp\/v2\/product_cat?post=730"},{"taxonomy":"product_tag","embeddable":true,"href":"https:\/\/radenovic.rs\/vaz\/sr\/wp-json\/wp\/v2\/product_tag?post=730"}],"curies":[{"name":"wp","href":"https:\/\/api.w.org\/{rel}","templated":true}]}}