{"id":935,"date":"2018-01-29T15:28:09","date_gmt":"2018-01-29T14:28:09","guid":{"rendered":"http:\/\/radenovic.rs\/vaz\/?post_type=product&#038;p=935"},"modified":"2018-11-27T10:43:19","modified_gmt":"2018-11-27T09:43:19","slug":"hidrantsko-vatrogasno-crevo-obnica-fi52","status":"publish","type":"product","link":"https:\/\/radenovic.rs\/vaz\/sr\/proizvod\/hidrantsko-vatrogasno-crevo-obnica-fi52\/","title":{"rendered":"Vatrogasno crevo za hidrant &#8222;Obnica&#8220; C (\u00f8 52)"},"content":{"rendered":"<table style=\"height: 302px;\" width=\"539\">\n<tbody>\n<tr>\n<td width=\"217\">Tip<\/td>\n<td width=\"78\">H 25 &#8211; 15<\/td>\n<td width=\"78\">H 25 &#8211; 20<\/td>\n<td width=\"78\">H 52 &#8211; 15<\/td>\n<td width=\"78\">H 52 &#8211; 20<\/td>\n<\/tr>\n<tr>\n<td width=\"217\">Unutra\u0161nji pre\u010dnik (mm)<\/td>\n<td colspan=\"2\" width=\"156\">25 \u00a0-0,5\/+1,0<\/td>\n<td colspan=\"2\" width=\"156\">52\u00a0 \u00a0-0,5\/+1,0<\/td>\n<\/tr>\n<tr>\n<td width=\"217\">Du\u017eina (m)<\/td>\n<td width=\"78\">15 +\/-0,15<\/td>\n<td width=\"78\">20 +\/-0,2<\/td>\n<td width=\"78\">15 +\/-0,15<\/td>\n<td width=\"78\">20 +\/-0,2<\/td>\n<\/tr>\n<tr>\n<td width=\"217\">Te\u017eina (g\/m) bez spojke<\/td>\n<td colspan=\"2\" width=\"156\">114 +\/- 10%<\/td>\n<td colspan=\"2\" width=\"156\">177 \/ 193 +\/- 10%<\/td>\n<\/tr>\n<tr>\n<td width=\"217\">Radni pritisak (MPa)<\/td>\n<td colspan=\"4\" width=\"312\">1,2<\/td>\n<\/tr>\n<tr>\n<td width=\"217\">Kontrolni pritisak (MPa)<\/td>\n<td colspan=\"4\" width=\"312\">2,4<\/td>\n<\/tr>\n<tr>\n<td width=\"217\">Min Pritisak pucanja (MPa)<\/td>\n<td colspan=\"4\" width=\"312\">4,2<\/td>\n<\/tr>\n<tr>\n<td width=\"217\">Standard<\/td>\n<td colspan=\"4\" width=\"312\">SRPS EN 671-1<\/td>\n<\/tr>\n<tr>\n<td width=\"217\">Ko\u0161ulja creva<\/td>\n<td colspan=\"4\" width=\"312\">Tehni\u010dki poliester konac visoke \u010dvrsto\u0107e<\/td>\n<\/tr>\n<tr>\n<td width=\"217\">Unutra\u0161nji sloj<\/td>\n<td colspan=\"4\" width=\"312\">HQ TPU<\/td>\n<\/tr>\n<\/tbody>\n<\/table>\n","protected":false},"excerpt":{"rendered":"<p><strong>Obnica<\/strong>\u00a0je nepropusno crevo iz hidrantskog ormara za hitne intervencije sa sna\u017enom sinteti\u010dkom jaknom.<br \/>\nLagane te\u017eine i flexibilno, otporno na visoke i niske temperature<br \/>\nVatrogasna za\u0161tita u stambenim objektima, fabrikama, javnim objektima<br \/>\nTransport morske, industrijske i gradske vode<br \/>\nU skladu sa SRPS EN 671-2<\/p>\n<p>Specijalne opcije individualno obele\u017eavanje<\/p>\n<p>Vezivanje VAZ spojnica (Al, Ms)<\/p>\n<p><img loading=\"lazy\" decoding=\"async\" class=\"alignnone wp-image-2064\" src=\"http:\/\/radenovic.rs\/vaz\/wp-content\/uploads\/2018\/01\/35234758-fire-hose-cabinet-on-a-ship--250x179.jpg\" alt=\"\" width=\"178\" height=\"127\" srcset=\"https:\/\/radenovic.rs\/vaz\/wp-content\/uploads\/2018\/01\/35234758-fire-hose-cabinet-on-a-ship--250x179.jpg 250w, https:\/\/radenovic.rs\/vaz\/wp-content\/uploads\/2018\/01\/35234758-fire-hose-cabinet-on-a-ship--768x551.jpg 768w, https:\/\/radenovic.rs\/vaz\/wp-content\/uploads\/2018\/01\/35234758-fire-hose-cabinet-on-a-ship--1024x734.jpg 1024w, https:\/\/radenovic.rs\/vaz\/wp-content\/uploads\/2018\/01\/35234758-fire-hose-cabinet-on-a-ship--24x17.jpg 24w, https:\/\/radenovic.rs\/vaz\/wp-content\/uploads\/2018\/01\/35234758-fire-hose-cabinet-on-a-ship--36x26.jpg 36w, https:\/\/radenovic.rs\/vaz\/wp-content\/uploads\/2018\/01\/35234758-fire-hose-cabinet-on-a-ship--48x34.jpg 48w, https:\/\/radenovic.rs\/vaz\/wp-content\/uploads\/2018\/01\/35234758-fire-hose-cabinet-on-a-ship--600x430.jpg 600w, https:\/\/radenovic.rs\/vaz\/wp-content\/uploads\/2018\/01\/35234758-fire-hose-cabinet-on-a-ship-.jpg 1300w\" sizes=\"auto, (max-width: 178px) 100vw, 178px\" \/>\u00a0<img loading=\"lazy\" decoding=\"async\" class=\"alignnone wp-image-2065\" src=\"http:\/\/radenovic.rs\/vaz\/wp-content\/uploads\/2018\/02\/89478617-emergency-exit-of-the-building-with-fire-exit-sign-fire-alarm-and-fire-extinguisher-250x167.jpg\" alt=\"\" width=\"191\" height=\"127\" srcset=\"https:\/\/radenovic.rs\/vaz\/wp-content\/uploads\/2018\/02\/89478617-emergency-exit-of-the-building-with-fire-exit-sign-fire-alarm-and-fire-extinguisher-250x167.jpg 250w, https:\/\/radenovic.rs\/vaz\/wp-content\/uploads\/2018\/02\/89478617-emergency-exit-of-the-building-with-fire-exit-sign-fire-alarm-and-fire-extinguisher-768x512.jpg 768w, https:\/\/radenovic.rs\/vaz\/wp-content\/uploads\/2018\/02\/89478617-emergency-exit-of-the-building-with-fire-exit-sign-fire-alarm-and-fire-extinguisher-1024x682.jpg 1024w, https:\/\/radenovic.rs\/vaz\/wp-content\/uploads\/2018\/02\/89478617-emergency-exit-of-the-building-with-fire-exit-sign-fire-alarm-and-fire-extinguisher-24x16.jpg 24w, https:\/\/radenovic.rs\/vaz\/wp-content\/uploads\/2018\/02\/89478617-emergency-exit-of-the-building-with-fire-exit-sign-fire-alarm-and-fire-extinguisher-36x24.jpg 36w, https:\/\/radenovic.rs\/vaz\/wp-content\/uploads\/2018\/02\/89478617-emergency-exit-of-the-building-with-fire-exit-sign-fire-alarm-and-fire-extinguisher-48x32.jpg 48w, https:\/\/radenovic.rs\/vaz\/wp-content\/uploads\/2018\/02\/89478617-emergency-exit-of-the-building-with-fire-exit-sign-fire-alarm-and-fire-extinguisher-600x400.jpg 600w, https:\/\/radenovic.rs\/vaz\/wp-content\/uploads\/2018\/02\/89478617-emergency-exit-of-the-building-with-fire-exit-sign-fire-alarm-and-fire-extinguisher-272x182.jpg 272w, https:\/\/radenovic.rs\/vaz\/wp-content\/uploads\/2018\/02\/89478617-emergency-exit-of-the-building-with-fire-exit-sign-fire-alarm-and-fire-extinguisher.jpg 1300w\" sizes=\"auto, (max-width: 191px) 100vw, 191px\" \/><\/p>\n<div class=\"fancybox-hidden\" style=\"display: none;\">\n<div id=\"contact_form_pop\">[contact-form-7 id=\"552\" title=\"Zatra\u017eite ponudu\"]<\/div>\n<\/div>\n","protected":false},"featured_media":2951,"template":"","meta":[],"product_cat":[18],"product_tag":[],"class_list":["post-935","product","type-product","status-publish","has-post-thumbnail","hentry","product_cat-vatrogasna-creva"],"yoast_head":"<!-- This site is optimized with the Yoast SEO plugin v20.1 - https:\/\/yoast.com\/wordpress\/plugins\/seo\/ -->\n<title>Vatrogasno crevo za hidrant &quot;Obnica&quot; C (\u00f8 52) - VAZ<\/title>\n<meta name=\"robots\" content=\"index, follow, max-snippet:-1, max-image-preview:large, max-video-preview:-1\" \/>\n<link rel=\"canonical\" href=\"https:\/\/radenovic.rs\/vaz\/sr\/proizvod\/hidrantsko-vatrogasno-crevo-obnica-fi52\/\" \/>\n<meta property=\"og:locale\" content=\"sr_RS\" \/>\n<meta property=\"og:type\" content=\"article\" \/>\n<meta property=\"og:title\" content=\"Vatrogasno crevo za hidrant &quot;Obnica&quot; C (\u00f8 52)\" \/>\n<meta property=\"og:description\" content=\"Obnica\u00a0je nepropusno crevo iz hidrantskog ormara za hitne intervencije sa sna\u017enom sinteti\u010dkom jaknom. Lagane te\u017eine i flexibilno, otporno na visoke i niske temperature Vatrogasna za\u0161tita u stambenim objektima, fabrikama, javnim objektima Transport morske, industrijske i gradske vode U skladu sa SRPS EN 671-2  Specijalne opcije individualno obele\u017eavanje  Vezivanje VAZ spojnica (Al, Ms)  \u00a0\" \/>\n<meta property=\"og:url\" content=\"https:\/\/radenovic.rs\/vaz\/sr\/proizvod\/hidrantsko-vatrogasno-crevo-obnica-fi52\/\" \/>\n<meta property=\"og:site_name\" content=\"VAZ\" \/>\n<meta property=\"article:modified_time\" content=\"2018-11-27T09:43:19+00:00\" \/>\n<meta property=\"og:image\" content=\"https:\/\/radenovic.rs\/vaz\/wp-content\/uploads\/2018\/01\/obnica52-1024x768.jpg\" \/>\n\t<meta property=\"og:image:width\" content=\"1024\" \/>\n\t<meta property=\"og:image:height\" content=\"768\" \/>\n\t<meta property=\"og:image:type\" content=\"image\/jpeg\" \/>\n<meta name=\"twitter:card\" content=\"summary_large_image\" \/>\n<script type=\"application\/ld+json\" class=\"yoast-schema-graph\">{\"@context\":\"https:\/\/schema.org\",\"@graph\":[{\"@type\":\"WebPage\",\"@id\":\"https:\/\/radenovic.rs\/vaz\/sr\/proizvod\/hidrantsko-vatrogasno-crevo-obnica-fi52\/\",\"url\":\"https:\/\/radenovic.rs\/vaz\/sr\/proizvod\/hidrantsko-vatrogasno-crevo-obnica-fi52\/\",\"name\":\"[:sr]Vatrogasno crevo za hidrant \\\"Obnica\\\" C (\u00f8 52)[:] - VAZ\",\"isPartOf\":{\"@id\":\"https:\/\/radenovic.rs\/vaz\/sr\/#website\"},\"datePublished\":\"2018-01-29T14:28:09+00:00\",\"dateModified\":\"2018-11-27T09:43:19+00:00\",\"breadcrumb\":{\"@id\":\"https:\/\/radenovic.rs\/vaz\/sr\/proizvod\/hidrantsko-vatrogasno-crevo-obnica-fi52\/#breadcrumb\"},\"inLanguage\":\"sr-RS\",\"potentialAction\":[{\"@type\":\"ReadAction\",\"target\":[\"https:\/\/radenovic.rs\/vaz\/sr\/proizvod\/hidrantsko-vatrogasno-crevo-obnica-fi52\/\"]}]},{\"@type\":\"BreadcrumbList\",\"@id\":\"https:\/\/radenovic.rs\/vaz\/sr\/proizvod\/hidrantsko-vatrogasno-crevo-obnica-fi52\/#breadcrumb\",\"itemListElement\":[{\"@type\":\"ListItem\",\"position\":1,\"name\":\"Po\u010detna\",\"item\":\"https:\/\/radenovic.rs\/vaz\/\"},{\"@type\":\"ListItem\",\"position\":2,\"name\":\"Vatrogasna oprema\",\"item\":\"https:\/\/radenovic.rs\/vaz\/sr\/vatrogasna-oprema\/\"},{\"@type\":\"ListItem\",\"position\":3,\"name\":\"Vatrogasno crevo za hidrant &#8222;Obnica&#8220; C (\u00f8 52)\"}]},{\"@type\":\"WebSite\",\"@id\":\"https:\/\/radenovic.rs\/vaz\/sr\/#website\",\"url\":\"https:\/\/radenovic.rs\/vaz\/sr\/\",\"name\":\"VAZ\",\"description\":\"Just another WordPress site\",\"publisher\":{\"@id\":\"https:\/\/radenovic.rs\/vaz\/sr\/#organization\"},\"potentialAction\":[{\"@type\":\"SearchAction\",\"target\":{\"@type\":\"EntryPoint\",\"urlTemplate\":\"https:\/\/radenovic.rs\/vaz\/sr\/?s={search_term_string}\"},\"query-input\":\"required name=search_term_string\"}],\"inLanguage\":\"sr-RS\"},{\"@type\":\"Organization\",\"@id\":\"https:\/\/radenovic.rs\/vaz\/sr\/#organization\",\"name\":\"VAZ\",\"url\":\"https:\/\/radenovic.rs\/vaz\/sr\/\",\"logo\":{\"@type\":\"ImageObject\",\"inLanguage\":\"sr-RS\",\"@id\":\"https:\/\/radenovic.rs\/vaz\/sr\/#\/schema\/logo\/image\/\",\"url\":\"https:\/\/radenovic.rs\/vaz\/wp-content\/uploads\/2018\/04\/cropped-logo-mali-3-1.png\",\"contentUrl\":\"https:\/\/radenovic.rs\/vaz\/wp-content\/uploads\/2018\/04\/cropped-logo-mali-3-1.png\",\"width\":211,\"height\":94,\"caption\":\"VAZ\"},\"image\":{\"@id\":\"https:\/\/radenovic.rs\/vaz\/sr\/#\/schema\/logo\/image\/\"}}]}<\/script>\n<!-- \/ Yoast SEO plugin. -->","yoast_head_json":{"title":"Vatrogasno crevo za hidrant \"Obnica\" C (\u00f8 52) - VAZ","robots":{"index":"index","follow":"follow","max-snippet":"max-snippet:-1","max-image-preview":"max-image-preview:large","max-video-preview":"max-video-preview:-1"},"canonical":"https:\/\/radenovic.rs\/vaz\/sr\/proizvod\/hidrantsko-vatrogasno-crevo-obnica-fi52\/","og_locale":"sr_RS","og_type":"article","og_title":"[:sr]Vatrogasno crevo za hidrant \"Obnica\" C (\u00f8 52)[:] - VAZ","og_description":"[:sr]Obnica\u00a0je nepropusno crevo iz hidrantskog ormara za hitne intervencije sa sna\u017enom sinteti\u010dkom jaknom. Lagane te\u017eine i flexibilno, otporno na visoke i niske temperature Vatrogasna za\u0161tita u stambenim objektima, fabrikama, javnim objektima Transport morske, industrijske i gradske vode U skladu sa SRPS EN 671-2  Specijalne opcije individualno obele\u017eavanje  Vezivanje VAZ spojnica (Al, Ms)  \u00a0   [:]","og_url":"https:\/\/radenovic.rs\/vaz\/sr\/proizvod\/hidrantsko-vatrogasno-crevo-obnica-fi52\/","og_site_name":"VAZ","article_modified_time":"2018-11-27T09:43:19+00:00","og_image":[{"width":1024,"height":768,"url":"https:\/\/radenovic.rs\/vaz\/wp-content\/uploads\/2018\/01\/obnica52-1024x768.jpg","type":"image\/jpeg"}],"twitter_card":"summary_large_image","schema":{"@context":"https:\/\/schema.org","@graph":[{"@type":"WebPage","@id":"https:\/\/radenovic.rs\/vaz\/sr\/proizvod\/hidrantsko-vatrogasno-crevo-obnica-fi52\/","url":"https:\/\/radenovic.rs\/vaz\/sr\/proizvod\/hidrantsko-vatrogasno-crevo-obnica-fi52\/","name":"[:sr]Vatrogasno crevo za hidrant \"Obnica\" C (\u00f8 52)[:] - VAZ","isPartOf":{"@id":"https:\/\/radenovic.rs\/vaz\/sr\/#website"},"datePublished":"2018-01-29T14:28:09+00:00","dateModified":"2018-11-27T09:43:19+00:00","breadcrumb":{"@id":"https:\/\/radenovic.rs\/vaz\/sr\/proizvod\/hidrantsko-vatrogasno-crevo-obnica-fi52\/#breadcrumb"},"inLanguage":"sr-RS","potentialAction":[{"@type":"ReadAction","target":["https:\/\/radenovic.rs\/vaz\/sr\/proizvod\/hidrantsko-vatrogasno-crevo-obnica-fi52\/"]}]},{"@type":"BreadcrumbList","@id":"https:\/\/radenovic.rs\/vaz\/sr\/proizvod\/hidrantsko-vatrogasno-crevo-obnica-fi52\/#breadcrumb","itemListElement":[{"@type":"ListItem","position":1,"name":"Po\u010detna","item":"https:\/\/radenovic.rs\/vaz\/"},{"@type":"ListItem","position":2,"name":"Vatrogasna oprema","item":"https:\/\/radenovic.rs\/vaz\/sr\/vatrogasna-oprema\/"},{"@type":"ListItem","position":3,"name":"Vatrogasno crevo za hidrant &#8222;Obnica&#8220; C (\u00f8 52)"}]},{"@type":"WebSite","@id":"https:\/\/radenovic.rs\/vaz\/sr\/#website","url":"https:\/\/radenovic.rs\/vaz\/sr\/","name":"VAZ","description":"Just another WordPress site","publisher":{"@id":"https:\/\/radenovic.rs\/vaz\/sr\/#organization"},"potentialAction":[{"@type":"SearchAction","target":{"@type":"EntryPoint","urlTemplate":"https:\/\/radenovic.rs\/vaz\/sr\/?s={search_term_string}"},"query-input":"required name=search_term_string"}],"inLanguage":"sr-RS"},{"@type":"Organization","@id":"https:\/\/radenovic.rs\/vaz\/sr\/#organization","name":"VAZ","url":"https:\/\/radenovic.rs\/vaz\/sr\/","logo":{"@type":"ImageObject","inLanguage":"sr-RS","@id":"https:\/\/radenovic.rs\/vaz\/sr\/#\/schema\/logo\/image\/","url":"https:\/\/radenovic.rs\/vaz\/wp-content\/uploads\/2018\/04\/cropped-logo-mali-3-1.png","contentUrl":"https:\/\/radenovic.rs\/vaz\/wp-content\/uploads\/2018\/04\/cropped-logo-mali-3-1.png","width":211,"height":94,"caption":"VAZ"},"image":{"@id":"https:\/\/radenovic.rs\/vaz\/sr\/#\/schema\/logo\/image\/"}}]}},"_links":{"self":[{"href":"https:\/\/radenovic.rs\/vaz\/sr\/wp-json\/wp\/v2\/product\/935","targetHints":{"allow":["GET"]}}],"collection":[{"href":"https:\/\/radenovic.rs\/vaz\/sr\/wp-json\/wp\/v2\/product"}],"about":[{"href":"https:\/\/radenovic.rs\/vaz\/sr\/wp-json\/wp\/v2\/types\/product"}],"wp:featuredmedia":[{"embeddable":true,"href":"https:\/\/radenovic.rs\/vaz\/sr\/wp-json\/wp\/v2\/media\/2951"}],"wp:attachment":[{"href":"https:\/\/radenovic.rs\/vaz\/sr\/wp-json\/wp\/v2\/media?parent=935"}],"wp:term":[{"taxonomy":"product_cat","embeddable":true,"href":"https:\/\/radenovic.rs\/vaz\/sr\/wp-json\/wp\/v2\/product_cat?post=935"},{"taxonomy":"product_tag","embeddable":true,"href":"https:\/\/radenovic.rs\/vaz\/sr\/wp-json\/wp\/v2\/product_tag?post=935"}],"curies":[{"name":"wp","href":"https:\/\/api.w.org\/{rel}","templated":true}]}}